{"id":1515,"date":"2024-08-14T21:09:41","date_gmt":"2024-08-14T19:09:41","guid":{"rendered":"http:\/\/glanzmomente.artofs.de\/?page_id=1515"},"modified":"2024-11-08T15:33:56","modified_gmt":"2024-11-08T14:33:56","slug":"bcd31-home-2","status":"publish","type":"page","link":"https:\/\/lubminer-glanzmomente.de\/?page_id=1515","title":{"rendered":"Portfolio"},"content":{"rendered":"\t\t<div data-elementor-type=\"wp-page\" data-elementor-id=\"1515\" class=\"elementor elementor-1515\">\n\t\t\t\t<div class=\"elementor-element elementor-element-a8a0afc e-flex e-con-boxed e-con e-parent\" data-id=\"a8a0afc\" data-element_type=\"container\" data-settings=\"{&quot;background_background&quot;:&quot;classic&quot;}\">\n\t\t\t\t\t<div class=\"e-con-inner\">\n\t\t<div class=\"elementor-element elementor-element-db47653 e-grid e-con-full e-con e-child\" data-id=\"db47653\" data-element_type=\"container\">\n\t\t\t\t<div class=\"elementor-element elementor-element-f70656c elementor-widget elementor-widget-text-editor\" data-id=\"f70656c\" data-element_type=\"widget\" data-widget_type=\"text-editor.default\">\n\t\t\t\t<div class=\"elementor-widget-container\">\n\t\t\t\t\t\t\t<h2>Ferienwohnung<\/h2><p>Im Bereich der Ferienwohnungen bieten wir Dir vier praktische Optionen an! Du kannst zwischen der Endreinigung, der Grundreinigung, der Glas- und Rahmenreinigung sowie unserem W\u00e4scheservice w\u00e4hlen. Wir sind hier, um Dir als Vermieter den besten Service zu bieten!<\/p>\t\t\t\t\t\t<\/div>\n\t\t\t\t<\/div>\n\t\t\t\t<div class=\"elementor-element elementor-element-2f67b27 elementor-widget elementor-widget-image\" data-id=\"2f67b27\" data-element_type=\"widget\" data-widget_type=\"image.default\">\n\t\t\t\t<div class=\"elementor-widget-container\">\n\t\t\t\t\t\t\t\t\t\t\t\t\t<img decoding=\"async\" src=\"https:\/\/lubminer-glanzmomente.de\/wp-content\/uploads\/elementor\/thumbs\/IMG_9428-scaled-1-qwblgfoyn22l3xam46d1u79i0sgdcfa1kyh6a750cg.jpeg\" title=\"IMG_9428\" alt=\"IMG_9428\" loading=\"lazy\" \/>\t\t\t\t\t\t\t\t\t\t\t\t\t<\/div>\n\t\t\t\t<\/div>\n\t\t\t\t<\/div>\n\t\t\t\t\t<\/div>\n\t\t\t\t<\/div>\n\t\t<div class=\"elementor-element elementor-element-dc3911c e-grid e-con-boxed e-con e-parent\" data-id=\"dc3911c\" data-element_type=\"container\" data-settings=\"{&quot;background_background&quot;:&quot;classic&quot;}\">\n\t\t\t\t\t<div class=\"e-con-inner\">\n\t\t\t\t<div class=\"elementor-element elementor-element-dc2b1c3 elementor-view-stacked elementor-shape-circle elementor-position-top elementor-mobile-position-top elementor-widget elementor-widget-icon-box\" data-id=\"dc2b1c3\" data-element_type=\"widget\" data-widget_type=\"icon-box.default\">\n\t\t\t\t<div class=\"elementor-widget-container\">\n\t\t\t\t\t<div class=\"elementor-icon-box-wrapper\">\n\n\t\t\t\t\t\t<div class=\"elementor-icon-box-icon\">\n\t\t\t\t<span  class=\"elementor-icon elementor-animation-\">\n\t\t\t\t<svg aria-hidden=\"true\" class=\"e-font-icon-svg e-fas-shopping-bag\" viewBox=\"0 0 448 512\" xmlns=\"http:\/\/www.w3.org\/2000\/svg\"><path d=\"M352 160v-32C352 57.42 294.579 0 224 0 153.42 0 96 57.42 96 128v32H0v272c0 44.183 35.817 80 80 80h288c44.183 0 80-35.817 80-80V160h-96zm-192-32c0-35.29 28.71-64 64-64s64 28.71 64 64v32H160v-32zm160 120c-13.255 0-24-10.745-24-24s10.745-24 24-24 24 10.745 24 24-10.745 24-24 24zm-192 0c-13.255 0-24-10.745-24-24s10.745-24 24-24 24 10.745 24 24-10.745 24-24 24z\"><\/path><\/svg>\t\t\t\t<\/span>\n\t\t\t<\/div>\n\t\t\t\n\t\t\t\t\t\t<div class=\"elementor-icon-box-content\">\n\n\t\t\t\t\t\t\t\t\t<h3 class=\"elementor-icon-box-title\">\n\t\t\t\t\t\t<span  >\n\t\t\t\t\t\t\tEndreinigung\t\t\t\t\t\t<\/span>\n\t\t\t\t\t<\/h3>\n\t\t\t\t\n\t\t\t\t\t\t\t\t\t<p class=\"elementor-icon-box-description\">\n\t\t\t\t\t\tErfolgt nach Abreise oder vor Anreise. <br> <br><u>Die Endreinigung umfasst:<\/u><br> <br> * vollst\u00e4ndige Reinigung der sanit\u00e4ren Einrichtungen\n<br>* vollst\u00e4ndige Reinigung der au\u00dfenliegenden K\u00fcchenfl\u00e4chen\n<br> * komplette Reinigung aller elektronischen K\u00fcchenger\u00e4te und die Kontrolle der innenliegenden K\u00fcchenfl\u00e4chen auf grobe Verschmutzung\n<br>* Staub- und Schmutzentfernung von M\u00f6belst\u00fccken und Gegenst\u00e4nden\n<br>* Entfernen von Spinnenweben und kleineren Tierchen innerhalb der gesamten Immobilie\n<br>* feuchtes und desinfizierendes Abwischen von Lichtschaltern und T\u00fcrgriffen\n<br>* eine Reinigung der Glasfl\u00e4chen innerhalb Deiner Immobilie <i>(keine Fenster)<\/i> \n<br>* absaugen und aufnehmen von s\u00e4mtliche B\u00f6den inkl. Fu\u00dfleisten\n<br><br>\nDie Endreinigung setzen wir in der Regel mit 2 \u2013 4 Stunden <i>(je nach Gr\u00f6\u00dfe)<\/i> Reinigungszeit an, um f\u00fcr Dich ein bestm\u00f6gliches Ergebnis gew\u00e4hrleisten zu k\u00f6nnen. \t\t\t\t\t<\/p>\n\t\t\t\t\n\t\t\t<\/div>\n\t\t\t\n\t\t<\/div>\n\t\t\t\t<\/div>\n\t\t\t\t<\/div>\n\t\t\t\t<div class=\"elementor-element elementor-element-3e9362f elementor-view-stacked elementor-shape-circle elementor-position-top elementor-mobile-position-top elementor-widget elementor-widget-icon-box\" data-id=\"3e9362f\" data-element_type=\"widget\" data-widget_type=\"icon-box.default\">\n\t\t\t\t<div class=\"elementor-widget-container\">\n\t\t\t\t\t<div class=\"elementor-icon-box-wrapper\">\n\n\t\t\t\t\t\t<div class=\"elementor-icon-box-icon\">\n\t\t\t\t<span  class=\"elementor-icon elementor-animation-\">\n\t\t\t\t<svg aria-hidden=\"true\" class=\"e-font-icon-svg e-fas-glasses\" viewBox=\"0 0 576 512\" xmlns=\"http:\/\/www.w3.org\/2000\/svg\"><path d=\"M574.1 280.37L528.75 98.66c-5.91-23.7-21.59-44.05-43-55.81-21.44-11.73-46.97-14.11-70.19-6.33l-15.25 5.08c-8.39 2.79-12.92 11.86-10.12 20.24l5.06 15.18c2.79 8.38 11.85 12.91 20.23 10.12l13.18-4.39c10.87-3.62 23-3.57 33.16 1.73 10.29 5.37 17.57 14.56 20.37 25.82l38.46 153.82c-22.19-6.81-49.79-12.46-81.2-12.46-34.77 0-73.98 7.02-114.85 26.74h-73.18c-40.87-19.74-80.08-26.75-114.86-26.75-31.42 0-59.02 5.65-81.21 12.46l38.46-153.83c2.79-11.25 10.09-20.45 20.38-25.81 10.16-5.3 22.28-5.35 33.15-1.73l13.17 4.39c8.38 2.79 17.44-1.74 20.23-10.12l5.06-15.18c2.8-8.38-1.73-17.45-10.12-20.24l-15.25-5.08c-23.22-7.78-48.75-5.41-70.19 6.33-21.41 11.77-37.09 32.11-43 55.8L1.9 280.37A64.218 64.218 0 0 0 0 295.86v70.25C0 429.01 51.58 480 115.2 480h37.12c60.28 0 110.37-45.94 114.88-105.37l2.93-38.63h35.75l2.93 38.63C313.31 434.06 363.4 480 423.68 480h37.12c63.62 0 115.2-50.99 115.2-113.88v-70.25c0-5.23-.64-10.43-1.9-15.5zm-370.72 89.42c-1.97 25.91-24.4 46.21-51.06 46.21H115.2C86.97 416 64 393.62 64 366.11v-37.54c18.12-6.49 43.42-12.92 72.58-12.92 23.86 0 47.26 4.33 69.93 12.92l-3.13 41.22zM512 366.12c0 27.51-22.97 49.88-51.2 49.88h-37.12c-26.67 0-49.1-20.3-51.06-46.21l-3.13-41.22c22.67-8.59 46.08-12.92 69.95-12.92 29.12 0 54.43 6.44 72.55 12.93v37.54z\"><\/path><\/svg>\t\t\t\t<\/span>\n\t\t\t<\/div>\n\t\t\t\n\t\t\t\t\t\t<div class=\"elementor-icon-box-content\">\n\n\t\t\t\t\t\t\t\t\t<h3 class=\"elementor-icon-box-title\">\n\t\t\t\t\t\t<span  >\n\t\t\t\t\t\t\tGrundreinigung\t\t\t\t\t\t<\/span>\n\t\t\t\t\t<\/h3>\n\t\t\t\t\n\t\t\t\t\t\t\t\t\t<p class=\"elementor-icon-box-description\">\n\t\t\t\t\t\tEmpfehlung je nach Belegung alle 6 \u2013 8 Wochen<br><br><u>Grundreinigung umfasst:<\/u><br><br>* Reinigung der gesamten sanit\u00e4ren Einrichtungen inkl. Anwendung von Rohrreinigern\n<br>* entfernen s\u00e4mtliche Verschmutzung au\u00dfer \u2013 und innerhalb deiner K\u00fcche inkl.  Reinigung der dazugeh\u00f6rigen Ger\u00e4te <i>(auf Wunsch auch Reinigung des Geschirrs) <\/i><br>* Die M\u00f6belst\u00fccke werden von au\u00dfen und innen gereinigt, unerw\u00fcnschte Besucher in Form von Tierchen und ihren Hinterlassenschaften werden entfernt \n<br>* feuchtes abwischen alle T\u00fcren und Lichtschalter\n<br>*  s\u00e4mtliche Glasfl\u00e4chen <i>(keine Fenster)<\/i> innerhalb deiner Immobilie bringen wir wieder zum Strahlen\n<br>* Reinigung alle B\u00f6den und dies auch, an sonst unzug\u00e4nglichen Stellen, wie zum Beispiel unter dem Mobiliar\n<br><br>Rechnen hier mit einer Reinigungszeit von 4 \u2013 6 Stunden <i>(je nach Gr\u00f6\u00dfe).<\/i>\t\t\t\t\t<\/p>\n\t\t\t\t\n\t\t\t<\/div>\n\t\t\t\n\t\t<\/div>\n\t\t\t\t<\/div>\n\t\t\t\t<\/div>\n\t\t\t\t<div class=\"elementor-element elementor-element-4b1c6ec elementor-view-stacked elementor-shape-circle elementor-position-top elementor-mobile-position-top elementor-widget elementor-widget-icon-box\" data-id=\"4b1c6ec\" data-element_type=\"widget\" data-widget_type=\"icon-box.default\">\n\t\t\t\t<div class=\"elementor-widget-container\">\n\t\t\t\t\t<div class=\"elementor-icon-box-wrapper\">\n\n\t\t\t\t\t\t<div class=\"elementor-icon-box-icon\">\n\t\t\t\t<span  class=\"elementor-icon elementor-animation-\">\n\t\t\t\t<svg aria-hidden=\"true\" class=\"e-font-icon-svg e-fab-windows\" viewBox=\"0 0 448 512\" xmlns=\"http:\/\/www.w3.org\/2000\/svg\"><path d=\"M0 93.7l183.6-25.3v177.4H0V93.7zm0 324.6l183.6 25.3V268.4H0v149.9zm203.8 28L448 480V268.4H203.8v177.9zm0-380.6v180.1H448V32L203.8 65.7z\"><\/path><\/svg>\t\t\t\t<\/span>\n\t\t\t<\/div>\n\t\t\t\n\t\t\t\t\t\t<div class=\"elementor-icon-box-content\">\n\n\t\t\t\t\t\t\t\t\t<h3 class=\"elementor-icon-box-title\">\n\t\t\t\t\t\t<span  >\n\t\t\t\t\t\t\tGlas- und Rahmenreinigung\t\t\t\t\t\t<\/span>\n\t\t\t\t\t<\/h3>\n\t\t\t\t\n\t\t\t\t\t\t\t\t\t<p class=\"elementor-icon-box-description\">\n\t\t\t\t\t\tUnserer Erfahrung nach sollte diese Reinigung in einer repr\u00e4sentativen Immobilie zwischen 2 \u2013 3 Mal im Jahr ausgef\u00fchrt werden. <br><br>Hierbei reinigen wir alle Glasscheiben f\u00fcr einen stets perfekten Ausblick Deiner G\u00e4ste, saugen die Fensterrahmen aus und wischen diese dann noch feucht ab.\t\t\t\t\t<\/p>\n\t\t\t\t\n\t\t\t<\/div>\n\t\t\t\n\t\t<\/div>\n\t\t\t\t<\/div>\n\t\t\t\t<\/div>\n\t\t\t\t<div class=\"elementor-element elementor-element-7b5d9a2 elementor-view-stacked elementor-shape-circle elementor-position-top elementor-mobile-position-top elementor-widget elementor-widget-icon-box\" data-id=\"7b5d9a2\" data-element_type=\"widget\" data-widget_type=\"icon-box.default\">\n\t\t\t\t<div class=\"elementor-widget-container\">\n\t\t\t\t\t<div class=\"elementor-icon-box-wrapper\">\n\n\t\t\t\t\t\t<div class=\"elementor-icon-box-icon\">\n\t\t\t\t<span  class=\"elementor-icon elementor-animation-\">\n\t\t\t\t<svg aria-hidden=\"true\" class=\"e-font-icon-svg e-fas-dolly-flatbed\" viewBox=\"0 0 640 512\" xmlns=\"http:\/\/www.w3.org\/2000\/svg\"><path d=\"M208 320h384c8.8 0 16-7.2 16-16V48c0-8.8-7.2-16-16-16H448v128l-48-32-48 32V32H208c-8.8 0-16 7.2-16 16v256c0 8.8 7.2 16 16 16zm416 64H128V16c0-8.8-7.2-16-16-16H16C7.2 0 0 7.2 0 16v32c0 8.8 7.2 16 16 16h48v368c0 8.8 7.2 16 16 16h82.9c-1.8 5-2.9 10.4-2.9 16 0 26.5 21.5 48 48 48s48-21.5 48-48c0-5.6-1.2-11-2.9-16H451c-1.8 5-2.9 10.4-2.9 16 0 26.5 21.5 48 48 48s48-21.5 48-48c0-5.6-1.2-11-2.9-16H624c8.8 0 16-7.2 16-16v-32c0-8.8-7.2-16-16-16z\"><\/path><\/svg>\t\t\t\t<\/span>\n\t\t\t<\/div>\n\t\t\t\n\t\t\t\t\t\t<div class=\"elementor-icon-box-content\">\n\n\t\t\t\t\t\t\t\t\t<h3 class=\"elementor-icon-box-title\">\n\t\t\t\t\t\t<span  >\n\t\t\t\t\t\t\tW\u00e4scheservice\t\t\t\t\t\t<\/span>\n\t\t\t\t\t<\/h3>\n\t\t\t\t\n\t\t\t\t\t\t\t\t\t<p class=\"elementor-icon-box-description\">\n\t\t\t\t\t\tDer W\u00e4scheservice beinhaltet entweder nur den reinen Wechsel der bereitgestellten Bettw\u00e4sche oder den Komplettservice, welcher ebenso die Reinigung der benutzten Bettw\u00e4sche mit abdeckt. Hier rechnen wir die gew\u00fcnschte Leistung  mit Pauschalpreisen pro Person ab.\t\t\t\t\t<\/p>\n\t\t\t\t\n\t\t\t<\/div>\n\t\t\t\n\t\t<\/div>\n\t\t\t\t<\/div>\n\t\t\t\t<\/div>\n\t\t\t\t\t<\/div>\n\t\t\t\t<\/div>\n\t\t<div class=\"elementor-element elementor-element-96172e1 e-flex e-con-boxed e-con e-parent\" data-id=\"96172e1\" data-element_type=\"container\">\n\t\t\t\t\t<div class=\"e-con-inner\">\n\t\t\t\t<div class=\"elementor-element elementor-element-8fcdfc9 elementor-widget elementor-widget-spacer\" data-id=\"8fcdfc9\" data-element_type=\"widget\" data-widget_type=\"spacer.default\">\n\t\t\t\t<div class=\"elementor-widget-container\">\n\t\t\t\t\t<div class=\"elementor-spacer\">\n\t\t\t<div class=\"elementor-spacer-inner\"><\/div>\n\t\t<\/div>\n\t\t\t\t<\/div>\n\t\t\t\t<\/div>\n\t\t\t\t\t<\/div>\n\t\t\t\t<\/div>\n\t\t<div class=\"elementor-element elementor-element-b604286 e-flex e-con-boxed e-con e-parent\" data-id=\"b604286\" data-element_type=\"container\" data-settings=\"{&quot;background_background&quot;:&quot;classic&quot;}\">\n\t\t\t\t\t<div class=\"e-con-inner\">\n\t\t<div class=\"elementor-element elementor-element-a8bbadb e-grid e-con-full e-con e-child\" data-id=\"a8bbadb\" data-element_type=\"container\">\n\t\t\t\t<div class=\"elementor-element elementor-element-786a18c elementor-widget elementor-widget-text-editor\" data-id=\"786a18c\" data-element_type=\"widget\" data-widget_type=\"text-editor.default\">\n\t\t\t\t<div class=\"elementor-widget-container\">\n\t\t\t\t\t\t\t<h2>B\u00fcrogeb\u00e4ude, Ladenfl\u00e4chen und Praxen<\/h2><p>Auch hier bieten wir Dir verschiedene Modelle von Reinigungen. Die h\u00e4ufigste Variante ist die <strong>Intervallreinigung<\/strong>, welche in der Regel t\u00e4glich oder auch w\u00f6chentlich durch uns ausgef\u00fchrt werden kann. Der Inhalt dieser Reinigung richtet sich nat\u00fcrlich in erster Linie stark nach den Bed\u00fcrfnissen der jeweiligen Kund*innen. Der Umfang beinhaltet jedoch meistens die vollst\u00e4ndige Reinigung der sanit\u00e4ren Einrichtungen, eine Reinigung der au\u00dfenliegenden K\u00fcchenfl\u00e4chen und das Entfernen von Staub- und Schmutz auf M\u00f6belst\u00fccken und Gegenst\u00e4nden. Ein feuchtes und desinfizierendes Abwischen von Lichtschaltern und T\u00fcrgriffen und die Reinigung der innenliegenden Glasfl\u00e4chen (keine Fenster) geh\u00f6ren ebenfalls zum Umfang dazu. Weitere Bestandteile sind das Entfernen von kleineren Tierchen und ihren Hinterlassenschaften, wie auch die Reinigung der B\u00f6den durch absaugen und bei Bedarf feuchtes aufnehmen.<\/p>\t\t\t\t\t\t<\/div>\n\t\t\t\t<\/div>\n\t\t\t\t<div class=\"elementor-element elementor-element-83fe36a elementor-widget elementor-widget-image\" data-id=\"83fe36a\" data-element_type=\"widget\" data-widget_type=\"image.default\">\n\t\t\t\t<div class=\"elementor-widget-container\">\n\t\t\t\t\t\t\t\t\t\t\t\t\t<img decoding=\"async\" src=\"https:\/\/lubminer-glanzmomente.de\/wp-content\/uploads\/elementor\/thumbs\/IMG_9401-scaled-1-qwblgjgbee7qed55i7zk46bcebxu77oyxh347azfnk.jpeg\" title=\"IMG_9401\" alt=\"IMG_9401\" loading=\"lazy\" \/>\t\t\t\t\t\t\t\t\t\t\t\t\t<\/div>\n\t\t\t\t<\/div>\n\t\t\t\t<\/div>\n\t\t\t\t\t<\/div>\n\t\t\t\t<\/div>\n\t\t<div class=\"elementor-element elementor-element-aadfa61 e-flex e-con-boxed e-con e-parent\" data-id=\"aadfa61\" data-element_type=\"container\">\n\t\t\t\t\t<div class=\"e-con-inner\">\n\t\t\t\t<div class=\"elementor-element elementor-element-074de57 elementor-widget elementor-widget-spacer\" data-id=\"074de57\" data-element_type=\"widget\" data-widget_type=\"spacer.default\">\n\t\t\t\t<div class=\"elementor-widget-container\">\n\t\t\t\t\t<div class=\"elementor-spacer\">\n\t\t\t<div class=\"elementor-spacer-inner\"><\/div>\n\t\t<\/div>\n\t\t\t\t<\/div>\n\t\t\t\t<\/div>\n\t\t\t\t\t<\/div>\n\t\t\t\t<\/div>\n\t\t<div class=\"elementor-element elementor-element-a947ad6 e-flex e-con-boxed e-con e-parent\" data-id=\"a947ad6\" data-element_type=\"container\" data-settings=\"{&quot;background_background&quot;:&quot;classic&quot;}\">\n\t\t\t\t\t<div class=\"e-con-inner\">\n\t\t\t\t<div class=\"elementor-element elementor-element-98fd09f elementor-widget elementor-widget-text-editor\" data-id=\"98fd09f\" data-element_type=\"widget\" data-widget_type=\"text-editor.default\">\n\t\t\t\t<div class=\"elementor-widget-container\">\n\t\t\t\t\t\t\t<h2 class=\"elementor-heading-title elementor-size-default\">Lassen Sie uns gemeinsam Ihre Immobilien zum gl\u00e4nzen bringen!<\/h2>\t\t\t\t\t\t<\/div>\n\t\t\t\t<\/div>\n\t\t\t\t\t<\/div>\n\t\t\t\t<\/div>\n\t\t<div class=\"elementor-element elementor-element-394d253 e-flex e-con-boxed e-con e-parent\" data-id=\"394d253\" data-element_type=\"container\" data-settings=\"{&quot;background_background&quot;:&quot;classic&quot;}\">\n\t\t\t\t\t<div class=\"e-con-inner\">\n\t\t\t\t<div class=\"elementor-element elementor-element-00c7ab3 elementor-widget elementor-widget-text-editor\" data-id=\"00c7ab3\" data-element_type=\"widget\" data-widget_type=\"text-editor.default\">\n\t\t\t\t<div class=\"elementor-widget-container\">\n\t\t\t\t\t\t\t<p>Lubminer Glanzmomente ist gerne ihr kompetente Ansprechpartner!<\/p>\t\t\t\t\t\t<\/div>\n\t\t\t\t<\/div>\n\t\t\t\t\t<\/div>\n\t\t\t\t<\/div>\n\t\t<div class=\"elementor-element elementor-element-ee22abb e-con-full e-flex e-con e-parent\" data-id=\"ee22abb\" data-element_type=\"container\" data-settings=\"{&quot;background_background&quot;:&quot;classic&quot;}\">\n\t\t\t\t<div class=\"elementor-element elementor-element-f5cda31 elementor-align-center elementor-widget elementor-widget-button\" data-id=\"f5cda31\" data-element_type=\"widget\" data-widget_type=\"button.default\">\n\t\t\t\t<div class=\"elementor-widget-container\">\n\t\t\t\t\t\t\t<div class=\"elementor-button-wrapper\">\n\t\t\t\t\t<a class=\"elementor-button elementor-button-link elementor-size-sm\" href=\"tel:01712385730\">\n\t\t\t\t\t\t<span class=\"elementor-button-content-wrapper\">\n\t\t\t\t\t\t<span class=\"elementor-button-icon\">\n\t\t\t\t<svg aria-hidden=\"true\" class=\"e-font-icon-svg e-fas-phone-alt\" viewBox=\"0 0 512 512\" xmlns=\"http:\/\/www.w3.org\/2000\/svg\"><path d=\"M497.39 361.8l-112-48a24 24 0 0 0-28 6.9l-49.6 60.6A370.66 370.66 0 0 1 130.6 204.11l60.6-49.6a23.94 23.94 0 0 0 6.9-28l-48-112A24.16 24.16 0 0 0 122.6.61l-104 24A24 24 0 0 0 0 48c0 256.5 207.9 464 464 464a24 24 0 0 0 23.4-18.6l24-104a24.29 24.29 0 0 0-14.01-27.6z\"><\/path><\/svg>\t\t\t<\/span>\n\t\t\t\t\t\t\t\t\t<span class=\"elementor-button-text\">Kontakt<\/span>\n\t\t\t\t\t<\/span>\n\t\t\t\t\t<\/a>\n\t\t\t\t<\/div>\n\t\t\t\t\t\t<\/div>\n\t\t\t\t<\/div>\n\t\t\t\t<\/div>\n\t\t<div class=\"elementor-element elementor-element-a4f1a95 e-flex e-con-boxed e-con e-parent\" data-id=\"a4f1a95\" data-element_type=\"container\">\n\t\t\t\t\t<div class=\"e-con-inner\">\n\t\t\t\t<div class=\"elementor-element elementor-element-31f6d6e elementor-widget elementor-widget-spacer\" data-id=\"31f6d6e\" data-element_type=\"widget\" data-widget_type=\"spacer.default\">\n\t\t\t\t<div class=\"elementor-widget-container\">\n\t\t\t\t\t<div class=\"elementor-spacer\">\n\t\t\t<div class=\"elementor-spacer-inner\"><\/div>\n\t\t<\/div>\n\t\t\t\t<\/div>\n\t\t\t\t<\/div>\n\t\t\t\t\t<\/div>\n\t\t\t\t<\/div>\n\t\t\t\t<\/div>\n\t\t","protected":false},"excerpt":{"rendered":"<p>Ferienwohnung Im Bereich der Ferienwohnungen bieten wir Dir vier praktische Optionen an! Du kannst zwischen der Endreinigung, der Grundreinigung, der Glas- und Rahmenreinigung sowie unserem W\u00e4scheservice w\u00e4hlen. Wir sind hier, um Dir als Vermieter den besten Service zu bieten! Endreinigung Erfolgt nach Abreise oder vor Anreise. Die Endreinigung umfasst: * vollst\u00e4ndige Reinigung der sanit\u00e4ren Einrichtungen&hellip;&nbsp;<a href=\"https:\/\/lubminer-glanzmomente.de\/?page_id=1515\" rel=\"bookmark\">Weiterlesen &raquo;<span class=\"screen-reader-text\">Portfolio<\/span><\/a><\/p>\n","protected":false},"author":1,"featured_media":0,"parent":0,"menu_order":0,"comment_status":"closed","ping_status":"closed","template":"","meta":{"neve_meta_sidebar":"default","neve_meta_container":"","neve_meta_enable_content_width":"","neve_meta_content_width":0,"neve_meta_title_alignment":"left","neve_meta_author_avatar":"","neve_post_elements_order":"","neve_meta_disable_header":"off","neve_meta_disable_footer":"","neve_meta_disable_title":"","_themeisle_gutenberg_block_has_review":false,"footnotes":""},"class_list":["post-1515","page","type-page","status-publish","hentry"],"_links":{"self":[{"href":"https:\/\/lubminer-glanzmomente.de\/index.php?rest_route=\/wp\/v2\/pages\/1515","targetHints":{"allow":["GET"]}}],"collection":[{"href":"https:\/\/lubminer-glanzmomente.de\/index.php?rest_route=\/wp\/v2\/pages"}],"about":[{"href":"https:\/\/lubminer-glanzmomente.de\/index.php?rest_route=\/wp\/v2\/types\/page"}],"author":[{"embeddable":true,"href":"https:\/\/lubminer-glanzmomente.de\/index.php?rest_route=\/wp\/v2\/users\/1"}],"replies":[{"embeddable":true,"href":"https:\/\/lubminer-glanzmomente.de\/index.php?rest_route=%2Fwp%2Fv2%2Fcomments&post=1515"}],"version-history":[{"count":3,"href":"https:\/\/lubminer-glanzmomente.de\/index.php?rest_route=\/wp\/v2\/pages\/1515\/revisions"}],"predecessor-version":[{"id":1624,"href":"https:\/\/lubminer-glanzmomente.de\/index.php?rest_route=\/wp\/v2\/pages\/1515\/revisions\/1624"}],"wp:attachment":[{"href":"https:\/\/lubminer-glanzmomente.de\/index.php?rest_route=%2Fwp%2Fv2%2Fmedia&parent=1515"}],"curies":[{"name":"wp","href":"https:\/\/api.w.org\/{rel}","templated":true}]}}